{"id":311,"date":"2024-10-30T13:09:24","date_gmt":"2024-10-30T12:09:24","guid":{"rendered":"https:\/\/www.rocml.org\/References-ML\/?page_id=311"},"modified":"2025-09-12T23:35:36","modified_gmt":"2025-09-12T21:35:36","slug":"autriche-mouvement-fr","status":"publish","type":"page","link":"https:\/\/www.rocml.org\/References-ML\/accueil\/rubriques-fr\/autriche-mouvement-fr\/","title":{"rendered":"Autriche &#8211; Le mouvement ouvrier et communiste"},"content":{"rendered":"\n<div class=WordSection1>\n<p class=MsoNormal><i>&nbsp;<\/i><\/p>\n<div align=center>\n<table class=MsoTableGrid border=1 cellspacing=0 cellpadding=0 width=\"100%\" style='border-collapse:collapse;border:none'>\n<tr>\n<td width=1403 style='width:841.65pt;border:none;background:#F2F2F2; padding:0cm 36.85pt 0cm 36.85pt'>\n<p class=MsoNormal><i>&nbsp;<\/i><\/p>\n<div align=center>\n<table class=MsoTableGrid border=1 cellspacing=0 cellpadding=0 width=1087 style='border-collapse:collapse;border:none'>\n<tr>\n<td width=1087 valign=top style='width:23.0cm;border:none;padding:0cm 5.4pt 0cm 5.4pt'>\n<p class=MsoNormal align=center style='text-align:center;line-height:22.0pt'><span style='font-size:20.0pt;font-family:\"Arial Black\",\"sans-serif\";color:#F79646'>Autriche<br \/> Le mouvement ouvrier et communiste<\/span><\/p>\n<\/td>\n<\/tr>\n<\/table><\/div>\n<p class=MsoNormal><i>&nbsp;<\/i><\/p>\n<div align=center>\n<table class=MsoTableGrid border=1 cellspacing=0 cellpadding=0 width=1087 style='border-collapse:collapse;border:none'>\n<tr>\n<td width=945 style='width:567.1pt;border-top:solid windowtext 1.0pt; border-left:solid windowtext 1.0pt;border-bottom:none;border-right:none; background:#EEECE1;padding:0cm 14.2pt 0cm 14.2pt'>\n<p class=MsoNormal><span lang=DE>&nbsp;<\/span><\/p>\n<\/td>\n<td width=59 style='width:35.35pt;border:none;border-top:solid windowtext 1.0pt; background:#EEECE1;padding:0cm .25pt 0cm .25pt'>\n<p class=MsoNormal align=center style='text-align:center'><span lang=DE>&nbsp;<\/span><\/p>\n<\/td>\n<td width=59 style='width:35.4pt;border:none;border-top:solid windowtext 1.0pt; background:#EEECE1;padding:0cm .25pt 0cm .25pt'>\n<p class=MsoNormal align=center style='text-align:center'><span lang=DE>&nbsp;<\/span><\/p>\n<\/td>\n<td width=24 style='width:14.2pt;border-top:solid windowtext 1.0pt; border-left:none;border-bottom:none;border-right:solid windowtext 1.0pt; background:#EEECE1;padding:0cm .25pt 0cm .25pt'>\n<p class=MsoNormal align=center style='text-align:center'><span lang=DE>&nbsp;<\/span><\/p>\n<\/td>\n<\/tr>\n<tr>\n<td width=945 style='width:567.1pt;border-top:none;border-left:solid windowtext 1.0pt; border-bottom:none;border-right:solid windowtext 1.0pt;background:#EEECE1; padding:0cm 14.2pt 0cm 14.2pt'>\n<p class=MsoNormal><span lang=DE style='font-size:20.0pt;background:white'>FR<\/span><\/p>\n<\/td>\n<td width=59 style='width:35.35pt;border:none;border-right:solid windowtext 1.0pt; background:#EEECE1;padding:0cm .25pt 0cm .25pt'>\n<p class=MsoNormal align=center style='text-align:center'><span lang=DE>&nbsp;<\/span><\/p>\n<\/td>\n<td width=59 style='width:35.4pt;border:none;border-right:solid windowtext 1.0pt; background:#EEECE1;padding:0cm .25pt 0cm .25pt'>\n<p class=MsoNormal align=center style='text-align:center'><span style='font-size:20.0pt;background:white'>DE<\/span><\/p>\n<\/td>\n<td width=24 style='width:14.2pt;border:none;border-right:solid windowtext 1.0pt; background:#EEECE1;padding:0cm .25pt 0cm .25pt'>\n<p class=MsoNormal align=center style='text-align:center'><span lang=DE>&nbsp;<\/span><\/p>\n<\/td>\n<\/tr>\n<tr>\n<td width=945 style='width:567.1pt;border-top:none;border-left:solid windowtext 1.0pt; border-bottom:none;border-right:solid windowtext 1.0pt;background:#EEECE1; padding:0cm 14.2pt 0cm 14.2pt'>\n<p class=MsoNormal style='margin-top:1.0pt;margin-right:0cm;margin-bottom: 1.0pt;margin-left:0cm'>&nbsp;<\/p>\n<\/td>\n<td width=59 style='width:35.35pt;border:none;border-right:solid windowtext 1.0pt; background:#EEECE1;padding:0cm .25pt 0cm .25pt'>\n<p class=MsoNormal align=center style='text-align:center'>&nbsp;<\/p>\n<\/td>\n<td width=59 style='width:35.4pt;border:none;border-right:solid windowtext 1.0pt; background:#EEECE1;padding:0cm .25pt 0cm .25pt'>\n<p class=MsoNormal align=center style='text-align:center'><a href=\"https:\/\/www.rocml.org\/References-ML\/accueil\/rubriques-de\/autriche-mouvement-ouvrier-communiste-de\/\"><span lang=DE style='font-size:16.0pt;color:blue'>&#9658;<\/span><\/a><\/p>\n<\/td>\n<td width=24 style='width:14.2pt;border:none;border-right:solid windowtext 1.0pt; background:#EEECE1;padding:0cm .25pt 0cm .25pt'>\n<p class=MsoNormal align=center style='text-align:center'><span lang=DE>&nbsp;<\/span><\/p>\n<\/td>\n<\/tr>\n<tr>\n<td width=945 style='width:567.1pt;border-top:none;border-left:solid windowtext 1.0pt; border-bottom:none;border-right:solid windowtext 1.0pt;background:#EEECE1; padding:0cm 14.2pt 0cm 14.2pt'>\n<p class=MsoNormal align=center style='text-align:center;background:white'><span style='font-size:14.0pt;color:#E36C0A'>1934<\/span><\/p>\n<\/td>\n<td width=59 style='width:35.35pt;border:none;border-right:solid windowtext 1.0pt; background:#EEECE1;padding:0cm .25pt 0cm .25pt'>\n<p class=MsoNormal align=center style='text-align:center'>&nbsp;<\/p>\n<\/td>\n<td width=59 style='width:35.4pt;border:none;border-right:solid windowtext 1.0pt; background:#EEECE1;padding:0cm .25pt 0cm .25pt'>\n<p class=MsoNormal align=center style='text-align:center'>&nbsp;<\/p>\n<\/td>\n<td width=24 style='width:14.2pt;border:none;border-right:solid windowtext 1.0pt; background:#EEECE1;padding:0cm .25pt 0cm .25pt'>\n<p class=MsoNormal align=center style='text-align:center'><span lang=DE>&nbsp;<\/span><\/p>\n<\/td>\n<\/tr>\n<tr>\n<td width=945 style='width:567.1pt;border-top:none;border-left:solid windowtext 1.0pt; border-bottom:none;border-right:solid windowtext 1.0pt;background:#EEECE1; padding:0cm 14.2pt 0cm 14.2pt'>\n<p class=MsoNormal style='margin-top:1.0pt;margin-right:0cm;margin-bottom: 1.0pt;margin-left:0cm'>&nbsp;<\/p>\n<\/td>\n<td width=59 style='width:35.35pt;border:none;border-right:solid windowtext 1.0pt; background:#EEECE1;padding:0cm .25pt 0cm .25pt'>\n<p class=MsoNormal align=center style='text-align:center'>&nbsp;<\/p>\n<\/td>\n<td width=59 style='width:35.4pt;border:none;border-right:solid windowtext 1.0pt; background:#EEECE1;padding:0cm .25pt 0cm .25pt'>\n<p class=MsoNormal align=center style='text-align:center'>&nbsp;<\/p>\n<\/td>\n<td width=24 style='width:14.2pt;border:none;border-right:solid windowtext 1.0pt; background:#EEECE1;padding:0cm .25pt 0cm .25pt'>\n<p class=MsoNormal align=center style='text-align:center'><span lang=DE>&nbsp;<\/span><\/p>\n<\/td>\n<\/tr>\n<tr>\n<td width=945 style='width:567.1pt;border-top:none;border-left:solid windowtext 1.0pt; border-bottom:none;border-right:solid windowtext 1.0pt;background:#DDD9C3; padding:0cm 14.2pt 0cm 14.2pt'>\n<p class=MsoNormal style='margin-top:1.0pt;margin-right:0cm;margin-bottom: 1.0pt;margin-left:0cm'><span style='font-size:11.0pt'>Autriche, f\u00e9vrier 1934 &#8211; Un jalon dans la r\u00e9sistance contre le fascisme<\/span><\/p>\n<\/td>\n<td width=59 style='width:35.35pt;border:none;border-right:solid windowtext 1.0pt; background:#DDD9C3;padding:0cm .25pt 0cm .25pt'>\n<p class=MsoNormal align=center style='text-align:center'><a href=\"https:\/\/www.rocml.org\/References-ML\/autriche-fevrier-1934-resistance-fascisme\/\"><span style='font-size:16.0pt;color:blue'>&#9658;<\/span><\/a><\/p>\n<\/td>\n<td width=59 style='width:35.4pt;border:none;border-right:solid windowtext 1.0pt; background:#DDD9C3;padding:0cm .25pt 0cm .25pt'>\n<p class=MsoNormal align=center style='text-align:center'><span lang=DE>&nbsp;<\/span><\/p>\n<\/td>\n<td width=24 style='width:14.2pt;border:none;border-right:solid windowtext 1.0pt; background:#DDD9C3;padding:0cm .25pt 0cm .25pt'>\n<p class=MsoNormal align=center style='text-align:center'><span lang=DE>&nbsp;<\/span><\/p>\n<\/td>\n<\/tr>\n<tr>\n<td width=945 style='width:567.1pt;border-top:none;border-left:solid windowtext 1.0pt; border-bottom:none;border-right:solid windowtext 1.0pt;background:#EEECE1; padding:0cm 14.2pt 0cm 14.2pt'>\n<p class=MsoNormal style='margin-top:1.0pt;margin-right:0cm;margin-bottom: 1.0pt;margin-left:0cm'><span style='font-size:14.0pt'>&nbsp;<\/span><\/p>\n<\/td>\n<td width=59 style='width:35.35pt;border:none;border-right:solid windowtext 1.0pt; background:#EEECE1;padding:0cm .25pt 0cm .25pt'>\n<p class=MsoNormal align=center style='text-align:center'>&nbsp;<\/p>\n<\/td>\n<td width=59 style='width:35.4pt;border:none;border-right:solid windowtext 1.0pt; background:#EEECE1;padding:0cm .25pt 0cm .25pt'>\n<p class=MsoNormal align=center style='text-align:center'><span lang=DE>&nbsp;<\/span><\/p>\n<\/td>\n<td width=24 style='width:14.2pt;border:none;border-right:solid windowtext 1.0pt; background:#EEECE1;padding:0cm .25pt 0cm .25pt'>\n<p class=MsoNormal align=center style='text-align:center'><span lang=DE>&nbsp;<\/span><\/p>\n<\/td>\n<\/tr>\n<tr>\n<td width=945 style='width:567.1pt;border-top:none;border-left:solid windowtext 1.0pt; border-bottom:none;border-right:solid windowtext 1.0pt;background:#DDD9C3; padding:0cm 14.2pt 0cm 14.2pt'>\n<p class=MsoNormal><span style='font-size:11.0pt'>B\u00e9la Kun : Les combats de f\u00e9vrier en Autriche et leurs le\u00e7ons &#8211; Introduction<\/span><\/p>\n<\/td>\n<td width=59 style='width:35.35pt;border:none;border-right:solid windowtext 1.0pt; background:#DDD9C3;padding:0cm .25pt 0cm .25pt'>\n<p class=MsoNormal align=center style='text-align:center'><a href=\"https:\/\/www.rocml.org\/References-ML\/bela-kun-kaempfe-februar-oesterreich-einleitung-fr\/\"><span style='font-size:16.0pt;color:blue'>&#9658;<\/span><\/a><\/p>\n<\/td>\n<td width=59 style='width:35.4pt;border:none;border-right:solid windowtext 1.0pt; background:#DDD9C3;padding:0cm .25pt 0cm .25pt'>\n<p class=MsoNormal align=center style='text-align:center'><span lang=DE>&nbsp;<\/span><\/p>\n<\/td>\n<td width=24 style='width:14.2pt;border:none;border-right:solid windowtext 1.0pt; background:#DDD9C3;padding:0cm .25pt 0cm .25pt'>\n<p class=MsoNormal align=center style='text-align:center'><span lang=DE>&nbsp;<\/span><\/p>\n<\/td>\n<\/tr>\n<tr>\n<td width=945 style='width:567.1pt;border-top:none;border-left:solid windowtext 1.0pt; border-bottom:none;border-right:solid windowtext 1.0pt;background:#C4BC96; padding:0cm 14.2pt 0cm 14.2pt'>\n<p class=MsoNormal><span style='font-size:11.0pt'>B\u00e9la Kun : Les combats de f\u00e9vrier en Autriche et leurs le\u00e7ons<\/span><\/p>\n<\/td>\n<td width=59 style='width:35.35pt;border:none;border-right:solid windowtext 1.0pt; background:#C4BC96;padding:0cm .25pt 0cm .25pt'>\n<p class=MsoNormal align=center style='text-align:center'><a href=\"https:\/\/www.rocml.org\/References-ML\/bela-kun-kaempfe-februar-oesterreich-fr\/\"><span style='font-size:16.0pt;color:blue'>&#9658;<\/span><\/a><\/p>\n<\/td>\n<td width=59 style='width:35.4pt;border:none;border-right:solid windowtext 1.0pt; background:#C4BC96;padding:0cm .25pt 0cm .25pt'>\n<p class=MsoNormal align=center style='text-align:center'><span lang=DE>&nbsp;<\/span><\/p>\n<\/td>\n<td width=24 style='width:14.2pt;border:none;border-right:solid windowtext 1.0pt; background:#C4BC96;padding:0cm .25pt 0cm .25pt'>\n<p class=MsoNormal align=center style='text-align:center'><span lang=DE>&nbsp;<\/span><\/p>\n<\/td>\n<\/tr>\n<tr>\n<td width=945 style='width:567.1pt;border-top:none;border-left:solid windowtext 1.0pt; border-bottom:none;border-right:solid windowtext 1.0pt;background:#DDD9C3; padding:0cm 14.2pt 0cm 14.2pt'>\n<p class=MsoNormal><span style='font-size:11.0pt'>B\u00e9la Kun : Les combats de f\u00e9vrier en Autriche et leurs le\u00e7ons &#8211; cartes<\/span><\/p>\n<\/td>\n<td width=59 style='width:35.35pt;border:none;border-right:solid windowtext 1.0pt; background:#DDD9C3;padding:0cm .25pt 0cm .25pt'>\n<p class=MsoNormal align=center style='text-align:center'><a href=\"https:\/\/www.rocml.org\/References-ML\/bela-kun-kaempfe-februar-oesterreich-karten-fr\/\"><span style='font-size:16.0pt;color:blue'>&#9658;<\/span><\/a><\/p>\n<\/td>\n<td width=59 style='width:35.4pt;border:none;border-right:solid windowtext 1.0pt; background:#DDD9C3;padding:0cm .25pt 0cm .25pt'>\n<p class=MsoNormal align=center style='text-align:center'><span lang=DE>&nbsp;<\/span><\/p>\n<\/td>\n<td width=24 style='width:14.2pt;border:none;border-right:solid windowtext 1.0pt; background:#DDD9C3;padding:0cm .25pt 0cm .25pt'>\n<p class=MsoNormal align=center style='text-align:center'><span lang=DE>&nbsp;<\/span><\/p>\n<\/td>\n<\/tr>\n<tr>\n<td width=945 style='width:567.1pt;border-top:none;border-left:solid windowtext 1.0pt; border-bottom:none;border-right:solid windowtext 1.0pt;background:#C4BC96; padding:0cm 14.2pt 0cm 14.2pt'>\n<p class=MsoNormal><span style='font-size:11.0pt'>B\u00e9la Kun &#8211; Marx, Engels, L\u00e9nine, Staline<\/span><\/p>\n<\/td>\n<td width=59 style='width:35.35pt;border:none;border-right:solid windowtext 1.0pt; background:#C4BC96;padding:0cm .25pt 0cm .25pt'>\n<p class=MsoNormal align=center style='text-align:center'><a href=\"https:\/\/www.rocml.org\/References-ML\/bela-kun-marx-engels-lenin-stalin-zitate-fr\/\"><span style='font-size:16.0pt;color:blue'>&#9658;<\/span><\/a><\/p>\n<\/td>\n<td width=59 style='width:35.4pt;border:none;border-right:solid windowtext 1.0pt; background:#C4BC96;padding:0cm .25pt 0cm .25pt'>\n<p class=MsoNormal align=center style='text-align:center'><span lang=DE>&nbsp;<\/span><\/p>\n<\/td>\n<td width=24 style='width:14.2pt;border:none;border-right:solid windowtext 1.0pt; background:#C4BC96;padding:0cm .25pt 0cm .25pt'>\n<p class=MsoNormal align=center style='text-align:center'><span lang=DE>&nbsp;<\/span><\/p>\n<\/td>\n<\/tr>\n<tr>\n<td width=945 style='width:567.1pt;border-top:none;border-left:solid windowtext 1.0pt; border-bottom:none;border-right:solid windowtext 1.0pt;background:#EEECE1; padding:0cm 14.2pt 0cm 14.2pt'>\n<p class=MsoNormal style='margin-top:1.0pt;margin-right:0cm;margin-bottom: 1.0pt;margin-left:0cm'>&nbsp;<\/p>\n<\/td>\n<td width=59 style='width:35.35pt;border:none;border-right:solid windowtext 1.0pt; background:#EEECE1;padding:0cm .25pt 0cm .25pt'>\n<p class=MsoNormal align=center style='text-align:center'>&nbsp;<\/p>\n<\/td>\n<td width=59 style='width:35.4pt;border:none;border-right:solid windowtext 1.0pt; background:#EEECE1;padding:0cm .25pt 0cm .25pt'>\n<p class=MsoNormal align=center style='text-align:center'>&nbsp;<\/p>\n<\/td>\n<td width=24 style='width:14.2pt;border:none;border-right:solid windowtext 1.0pt; background:#EEECE1;padding:0cm .25pt 0cm .25pt'>\n<p class=MsoNormal align=center style='text-align:center'><span lang=DE>&nbsp;<\/span><\/p>\n<\/td>\n<\/tr>\n<tr>\n<td width=945 style='width:567.1pt;border-top:none;border-left:solid windowtext 1.0pt; border-bottom:none;border-right:solid windowtext 1.0pt;background:#EEECE1; padding:0cm 14.2pt 0cm 14.2pt'>\n<p class=MsoNormal align=center style='text-align:center;background:white'><span style='font-size:14.0pt;color:#E36C0A'>G\u00e9n\u00e9ralit\u00e9s<\/span><\/p>\n<\/td>\n<td width=59 style='width:35.35pt;border:none;border-right:solid windowtext 1.0pt; background:#EEECE1;padding:0cm .25pt 0cm .25pt'>\n<p class=MsoNormal align=center style='text-align:center'>&nbsp;<\/p>\n<\/td>\n<td width=59 style='width:35.4pt;border:none;border-right:solid windowtext 1.0pt; background:#EEECE1;padding:0cm .25pt 0cm .25pt'>\n<p class=MsoNormal align=center style='text-align:center'>&nbsp;<\/p>\n<\/td>\n<td width=24 style='width:14.2pt;border:none;border-right:solid windowtext 1.0pt; background:#EEECE1;padding:0cm .25pt 0cm .25pt'>\n<p class=MsoNormal align=center style='text-align:center'><span lang=DE>&nbsp;<\/span><\/p>\n<\/td>\n<\/tr>\n<tr>\n<td width=945 style='width:567.1pt;border-top:none;border-left:solid windowtext 1.0pt; border-bottom:none;border-right:solid windowtext 1.0pt;background:#EEECE1; padding:0cm 14.2pt 0cm 14.2pt'>\n<p class=MsoNormal style='margin-top:1.0pt;margin-right:0cm;margin-bottom: 1.0pt;margin-left:0cm'>&nbsp;<\/p>\n<\/td>\n<td width=59 style='width:35.35pt;border:none;border-right:solid windowtext 1.0pt; background:#EEECE1;padding:0cm .25pt 0cm .25pt'>\n<p class=MsoNormal align=center style='text-align:center'>&nbsp;<\/p>\n<\/td>\n<td width=59 style='width:35.4pt;border:none;border-right:solid windowtext 1.0pt; background:#EEECE1;padding:0cm .25pt 0cm .25pt'>\n<p class=MsoNormal align=center style='text-align:center'>&nbsp;<\/p>\n<\/td>\n<td width=24 style='width:14.2pt;border:none;border-right:solid windowtext 1.0pt; background:#EEECE1;padding:0cm .25pt 0cm .25pt'>\n<p class=MsoNormal align=center style='text-align:center'><span lang=DE>&nbsp;<\/span><\/p>\n<\/td>\n<\/tr>\n<tr>\n<td width=945 style='width:567.1pt;border-top:none;border-left:solid windowtext 1.0pt; border-bottom:none;border-right:solid windowtext 1.0pt;background:#DDD9C3; padding:0cm 14.2pt 0cm 14.2pt'>\n<p class=MsoNormal><span style='font-size:11.0pt'>Autriche &#8211; Le mouvement ouvrier et communiste &#8211; Annotations, Documents<\/span><\/p>\n<\/td>\n<td width=59 style='width:35.35pt;border:none;border-right:solid windowtext 1.0pt; background:#DDD9C3;padding:0cm .25pt 0cm .25pt'>\n<p class=MsoNormal align=center style='text-align:center'><a href=\"https:\/\/www.rocml.org\/References-ML\/accueil\/rubriques-fr\/autriche-mouvement-fr\/oesterreich-bewegung-anmerkungen-dokumente-fr\/\"><b><span style='font-size:16.0pt;font-family:\"Arial\",\"sans-serif\";color:blue; text-decoration:none'>&#9658;<\/span><\/b><\/a><\/p>\n<\/td>\n<td width=59 style='width:35.4pt;border:none;border-right:solid windowtext 1.0pt; background:#DDD9C3;padding:0cm .25pt 0cm .25pt'>\n<p class=MsoNormal align=center style='text-align:center'><span lang=DE>&nbsp;<\/span><\/p>\n<\/td>\n<td width=24 style='width:14.2pt;border:none;border-right:solid windowtext 1.0pt; background:#DDD9C3;padding:0cm .25pt 0cm .25pt'>\n<p class=MsoNormal align=center style='text-align:center'><span lang=DE>&nbsp;<\/span><\/p>\n<\/td>\n<\/tr>\n<tr>\n<td width=945 style='width:567.1pt;border-top:none;border-left:solid windowtext 1.0pt; border-bottom:solid windowtext 1.0pt;border-right:none;background:#EEECE1; padding:0cm 14.2pt 0cm 14.2pt'>\n<p class=MsoNormal><span lang=DE>&nbsp;<\/span><\/p>\n<\/td>\n<td width=59 style='width:35.35pt;border:none;border-bottom:solid windowtext 1.0pt; background:#EEECE1;padding:0cm .25pt 0cm .25pt'>\n<p class=MsoNormal align=center style='text-align:center'><span lang=DE>&nbsp;<\/span><\/p>\n<\/td>\n<td width=59 style='width:35.4pt;border:none;border-bottom:solid windowtext 1.0pt; background:#EEECE1;padding:0cm .25pt 0cm .25pt'>\n<p class=MsoNormal align=center style='text-align:center'><span lang=DE>&nbsp;<\/span><\/p>\n<\/td>\n<td width=24 style='width:14.2pt;border-top:none;border-left:none; border-bottom:solid windowtext 1.0pt;border-right:solid windowtext 1.0pt; background:#EEECE1;padding:0cm .25pt 0cm .25pt'>\n<p class=MsoNormal align=center style='text-align:center'><span lang=DE>&nbsp;<\/span><\/p>\n<\/td>\n<\/tr>\n<\/table><\/div>\n<p class=MsoNormal><i><span lang=DE>&nbsp;<\/span><\/i><\/p>\n<p class=MsoNormal><i>&nbsp;<\/i><\/p>\n<\/td>\n<\/tr>\n<\/table><\/div>\n<p class=MsoNormal><i>&nbsp;<\/i><\/p>\n<\/p><\/div>\n<!--themify_builder_content-->\n<div id=\"themify_builder_content-311\" data-postid=\"311\" class=\"themify_builder_content themify_builder_content-311 themify_builder tf_clear\">\n    <\/div>\n<!--\/themify_builder_content-->\n","protected":false},"excerpt":{"rendered":"<p>&nbsp; &nbsp; Autriche Le mouvement ouvrier et communiste &nbsp; &nbsp; &nbsp; &nbsp; &nbsp; FR &nbsp; DE &nbsp; &nbsp; &nbsp; &#9658; &nbsp; 1934 &nbsp; &nbsp; &nbsp; &nbsp; &nbsp; &nbsp; &nbsp; Autriche, f\u00e9vrier 1934 &#8211; Un jalon dans la r\u00e9sistance contre le fascisme &#9658; &nbsp; &nbsp; &nbsp; &nbsp; &nbsp; &nbsp; B\u00e9la Kun : Les combats de f\u00e9vrier [&hellip;]<\/p>\n","protected":false},"author":3,"featured_media":0,"parent":52,"menu_order":0,"comment_status":"closed","ping_status":"closed","template":"","meta":{"footnotes":""},"class_list":["post-311","page","type-page","status-publish","hentry","has-post-title","has-post-date","has-post-category","has-post-tag","has-post-comment","has-post-author",""],"builder_content":"","_links":{"self":[{"href":"https:\/\/www.rocml.org\/References-ML\/wp-json\/wp\/v2\/pages\/311"}],"collection":[{"href":"https:\/\/www.rocml.org\/References-ML\/wp-json\/wp\/v2\/pages"}],"about":[{"href":"https:\/\/www.rocml.org\/References-ML\/wp-json\/wp\/v2\/types\/page"}],"author":[{"embeddable":true,"href":"https:\/\/www.rocml.org\/References-ML\/wp-json\/wp\/v2\/users\/3"}],"replies":[{"embeddable":true,"href":"https:\/\/www.rocml.org\/References-ML\/wp-json\/wp\/v2\/comments?post=311"}],"version-history":[{"count":0,"href":"https:\/\/www.rocml.org\/References-ML\/wp-json\/wp\/v2\/pages\/311\/revisions"}],"up":[{"embeddable":true,"href":"https:\/\/www.rocml.org\/References-ML\/wp-json\/wp\/v2\/pages\/52"}],"wp:attachment":[{"href":"https:\/\/www.rocml.org\/References-ML\/wp-json\/wp\/v2\/media?parent=311"}],"curies":[{"name":"wp","href":"https:\/\/api.w.org\/{rel}","templated":true}]}}