{"id":426,"date":"2024-10-31T20:00:41","date_gmt":"2024-10-31T19:00:41","guid":{"rendered":"https:\/\/www.rocml.org\/References-ML\/?page_id=426"},"modified":"2025-02-17T12:43:45","modified_gmt":"2025-02-17T11:43:45","slug":"autriche-mouvement-ouvrier-communiste-de","status":"publish","type":"page","link":"https:\/\/www.rocml.org\/References-ML\/accueil\/rubriques-de\/autriche-mouvement-ouvrier-communiste-de\/","title":{"rendered":"\u00d6sterreich &#8211; Die Arbeiter- und kommunistische Bewegung"},"content":{"rendered":"<div class=WordSection1> <p class=MsoNormal><i>&nbsp;<\/i><\/p> <div align=center> <table class=MsoTableGrid border=0 cellspacing=0 cellpadding=0 width=\"100%\" style='width:100.0%;background:#F2F2F2;border-collapse:collapse;border:none'> <tr> <td width=\"100%\" style='width:100.0%;padding:0cm 36.85pt 0cm 36.85pt'> <p class=MsoNormal><i><span lang=DE>&nbsp;<\/span><\/i><\/p> <div align=center> <table class=MsoTableGrid border=0 cellspacing=0 cellpadding=0 width=1087 style='width:23.0cm;border-collapse:collapse;border:none'> <tr> <td width=1181 valign=top style='width:25.0cm;padding:0cm 5.4pt 0cm 5.4pt'> <p class=MsoNormal align=center style='text-align:center;line-height:22.0pt'><span lang=DE style='font-size:20.0pt;font-family:\"Arial Black\",\"sans-serif\"; color:#F79646'>\u00d6sterreich<br> Die Arbeiter- und kommunistische Bewegung<\/span><\/p> <\/td> <\/tr> <\/table> <\/div> <p class=MsoNormal><i><span lang=DE>&nbsp;<\/span><\/i><\/p> <div align=center> <table class=MsoTableGrid border=1 cellspacing=0 cellpadding=0 style='background:#EEECE1;border-collapse:collapse;border:none'> <tr> <td width=945 style='width:20.0cm;border-top:solid windowtext 1.0pt; border-left:solid windowtext 1.0pt;border-bottom:none;border-right:none; padding:0cm 14.2pt 0cm 14.2pt'> <p class=MsoNormal><span lang=DE>&nbsp;<\/span><\/p> <\/td> <td width=59 style='width:35.45pt;border:none;border-top:solid windowtext 1.0pt; padding:0cm 0cm 0cm 0cm'> <p class=MsoNormal align=center style='text-align:center'><span lang=DE>&nbsp;<\/span><\/p> <\/td> <td width=59 style='width:35.45pt;border:none;border-top:solid windowtext 1.0pt; padding:0cm 0cm 0cm 0cm'> <p class=MsoNormal align=center style='text-align:center'><span lang=DE>&nbsp;<\/span><\/p> <\/td> <td width=24 style='width:14.2pt;border-top:solid windowtext 1.0pt; border-left:none;border-bottom:none;border-right:solid windowtext 1.0pt; padding:0cm 0cm 0cm 0cm'> <p class=MsoNormal align=center style='text-align:center'><span lang=DE>&nbsp;<\/span><\/p> <\/td> <\/tr> <tr> <td width=945 style='width:20.0cm;border-top:none;border-left:solid windowtext 1.0pt; border-bottom:none;border-right:solid windowtext 1.0pt;padding:0cm 14.2pt 0cm 14.2pt'> <p class=MsoNormal><span lang=DE style='font-size:20.0pt;background:white'>DE<\/span><\/p> <\/td> <td width=59 style='width:35.45pt;border:none;border-right:solid windowtext 1.0pt; padding:0cm 0cm 0cm 0cm'> <p class=MsoNormal align=center style='text-align:center'><span lang=DE>&nbsp;<\/span><\/p> <\/td> <td width=59 style='width:35.45pt;border:none;border-right:solid windowtext 1.0pt; padding:0cm 0cm 0cm 0cm'> <p class=MsoNormal align=center style='text-align:center'><span lang=DE style='font-size:20.0pt;background:white'>FR<\/span><\/p> <\/td> <td width=24 style='width:14.2pt;border:none;border-right:solid windowtext 1.0pt; padding:0cm 0cm 0cm 0cm'> <p class=MsoNormal align=center style='text-align:center'><span lang=DE>&nbsp;<\/span><\/p> <\/td> <\/tr> <tr> <td width=945 style='width:20.0cm;border-top:none;border-left:solid windowtext 1.0pt; border-bottom:none;border-right:solid windowtext 1.0pt;padding:0cm 14.2pt 0cm 14.2pt'> <p class=MsoNormal><span lang=DE>&nbsp;<\/span><\/p> <\/td> <td width=59 style='width:35.45pt;border:none;border-right:solid windowtext 1.0pt; padding:0cm 0cm 0cm 0cm'> <p class=MsoNormal align=center style='text-align:center'><span lang=DE>&nbsp;<\/span><\/p> <\/td> <td width=59 style='width:35.45pt;border:none;border-right:solid windowtext 1.0pt; padding:0cm 0cm 0cm 0cm'> <p class=MsoNormal align=center style='text-align:center'><a href=\"https:\/\/www.rocml.org\/References-ML\/accueil\/rubriques-fr\/autriche-mouvement-ouvrier-communiste-fr\/\"><span lang=DE style='font-size:16.0pt;color:blue'>&#9658;<\/span><\/a><\/p> <\/td> <td width=24 style='width:14.2pt;border:none;border-right:solid windowtext 1.0pt; padding:0cm 0cm 0cm 0cm'> <p class=MsoNormal align=center style='text-align:center'><span lang=DE>&nbsp;<\/span><\/p> <\/td> <\/tr> <tr> <td width=945 style='width:20.0cm;border-top:none;border-left:solid windowtext 1.0pt; border-bottom:none;border-right:solid windowtext 1.0pt;padding:0cm 14.2pt 0cm 14.2pt'> <p class=MsoNormal align=center style='margin-top:1.0pt;margin-right:0cm; margin-bottom:1.0pt;margin-left:0cm;text-align:center;background:white'><span lang=DE style='font-size:14.0pt;color:#E36C0A'>1934<\/span><\/p> <\/td> <td width=59 style='width:35.45pt;border:none;border-right:solid windowtext 1.0pt; padding:0cm 0cm 0cm 0cm'> <p class=MsoNormal align=center style='text-align:center'><span lang=DE>&nbsp;<\/span><\/p> <\/td> <td width=59 style='width:35.45pt;border:none;border-right:solid windowtext 1.0pt; padding:0cm 0cm 0cm 0cm'> <p class=MsoNormal align=center style='text-align:center'><span lang=DE>&nbsp;<\/span><\/p> <\/td> <td width=24 style='width:14.2pt;border:none;border-right:solid windowtext 1.0pt; padding:0cm 0cm 0cm 0cm'> <p class=MsoNormal align=center style='text-align:center'><span lang=DE>&nbsp;<\/span><\/p> <\/td> <\/tr> <tr> <td width=945 style='width:20.0cm;border-top:none;border-left:solid windowtext 1.0pt; border-bottom:none;border-right:solid windowtext 1.0pt;padding:0cm 14.2pt 0cm 14.2pt'> <p class=MsoNormal><span lang=DE>&nbsp;<\/span><\/p> <\/td> <td width=59 style='width:35.45pt;border:none;border-right:solid windowtext 1.0pt; padding:0cm 0cm 0cm 0cm'> <p class=MsoNormal align=center style='text-align:center'>&nbsp;<\/p> <\/td> <td width=59 style='width:35.45pt;border:none;border-right:solid windowtext 1.0pt; padding:0cm 0cm 0cm 0cm'> <p class=MsoNormal align=center style='text-align:center'><span lang=DE>&nbsp;<\/span><\/p> <\/td> <td width=24 style='width:14.2pt;border:none;border-right:solid windowtext 1.0pt; padding:0cm 0cm 0cm 0cm'> <p class=MsoNormal align=center style='text-align:center'><span lang=DE>&nbsp;<\/span><\/p> <\/td> <\/tr> <tr> <td width=945 style='width:20.0cm;border-top:none;border-left:solid windowtext 1.0pt; border-bottom:none;border-right:solid windowtext 1.0pt;background:#DDD9C3; padding:0cm 14.2pt 0cm 14.2pt'> <p class=MsoNormal style='margin-top:1.0pt;margin-right:0cm;margin-bottom: 1.0pt;margin-left:0cm'><span lang=DE style='font-size:14.0pt'>B\u00e9la Kun : Die Februark\u00e4mpfe in \u00d6sterreich und ihre Lehren<\/span><\/p> <\/td> <td width=59 style='width:35.45pt;border:none;border-right:solid windowtext 1.0pt; background:#DDD9C3;padding:0cm 0cm 0cm 0cm'> <p class=MsoNormal align=center style='text-align:center'><a href=\"https:\/\/www.rocml.org\/References-ML\/bela-kun-februarkaempfe-oesterreich-lehren\/\"><span lang=DE style='font-size:16.0pt;color:blue'>&#9658;<\/span><\/a><\/p> <\/td> <td width=59 style='width:35.45pt;border:none;border-right:solid windowtext 1.0pt; background:#DDD9C3;padding:0cm 0cm 0cm 0cm'> <p class=MsoNormal align=center style='text-align:center'><span lang=DE>&nbsp;<\/span><\/p> <\/td> <td width=24 style='width:14.2pt;border:none;border-right:solid windowtext 1.0pt; background:#DDD9C3;padding:0cm 0cm 0cm 0cm'> <p class=MsoNormal align=center style='text-align:center'><span lang=DE>&nbsp;<\/span><\/p> <\/td> <\/tr> <tr> <td width=945 style='width:20.0cm;border-top:none;border-left:solid windowtext 1.0pt; border-bottom:none;border-right:solid windowtext 1.0pt;background:#C4BC96; padding:0cm 14.2pt 0cm 14.2pt'> <p class=MsoNormal style='margin-top:1.0pt;margin-right:0cm;margin-bottom: 1.0pt;margin-left:0cm'><span lang=DE style='font-size:14.0pt'>B\u00e9la Kun : Die Februark\u00e4mpfe in \u00d6sterreich und ihre Lehren &#8211; Karten<\/span><\/p> <\/td> <td width=59 style='width:35.45pt;border:none;border-right:solid windowtext 1.0pt; background:#C4BC96;padding:0cm 0cm 0cm 0cm'> <p class=MsoNormal align=center style='text-align:center'><a href=\"https:\/\/www.rocml.org\/References-ML\/bela-kun-februarkaempfe-oesterreich-lehren-karten\/\"><span lang=DE style='font-size:16.0pt;color:blue'>&#9658;<\/span><\/a><\/p> <\/td> <td width=59 style='width:35.45pt;border:none;border-right:solid windowtext 1.0pt; background:#C4BC96;padding:0cm 0cm 0cm 0cm'> <p class=MsoNormal align=center style='text-align:center'><span lang=DE>&nbsp;<\/span><\/p> <\/td> <td width=24 style='width:14.2pt;border:none;border-right:solid windowtext 1.0pt; background:#C4BC96;padding:0cm 0cm 0cm 0cm'> <p class=MsoNormal align=center style='text-align:center'><span lang=DE>&nbsp;<\/span><\/p> <\/td> <\/tr> <tr> <td width=945 style='width:20.0cm;border-top:none;border-left:solid windowtext 1.0pt; border-bottom:none;border-right:solid windowtext 1.0pt;background:#DDD9C3; padding:0cm 14.2pt 0cm 14.2pt'> <p class=MsoNormal style='margin-top:1.0pt;margin-right:0cm;margin-bottom: 1.0pt;margin-left:0cm'><span style='font-size:14.0pt'>Autriche, f\u00e9vrier 1934 &#8211; Un jalon dans la r\u00e9sistance contre le fascisme &#8211; Extraits des documents (DE)<\/span><\/p> <\/td> <td width=59 style='width:35.45pt;border:none;border-right:solid windowtext 1.0pt; background:#DDD9C3;padding:0cm 0cm 0cm 0cm'> <p class=MsoNormal align=center style='text-align:center'><a href=\"https:\/\/www.rocml.org\/References-ML\/autriche-fevrier-1934-resistance-fascisme-extraits-documents\/\"><span style='font-size:16.0pt;color:blue'>&#9658;<\/span><\/a><\/p> <\/td> <td width=59 style='width:35.45pt;border:none;border-right:solid windowtext 1.0pt; background:#DDD9C3;padding:0cm 0cm 0cm 0cm'> <p class=MsoNormal align=center style='text-align:center'>&nbsp;<\/p> <\/td> <td width=24 style='width:14.2pt;border:none;border-right:solid windowtext 1.0pt; background:#DDD9C3;padding:0cm 0cm 0cm 0cm'> <p class=MsoNormal align=center style='text-align:center'><span lang=DE>&nbsp;<\/span><\/p> <\/td> <\/tr> <tr> <td width=945 style='width:20.0cm;border-top:none;border-left:solid windowtext 1.0pt; border-bottom:none;border-right:solid windowtext 1.0pt;padding:0cm 14.2pt 0cm 14.2pt'> <p class=MsoNormal><span lang=DE>&nbsp;<\/span><\/p> <\/td> <td width=59 style='width:35.45pt;border:none;border-right:solid windowtext 1.0pt; padding:0cm 0cm 0cm 0cm'> <p class=MsoNormal align=center style='text-align:center'><span lang=DE>&nbsp;<\/span><\/p> <\/td> <td width=59 style='width:35.45pt;border:none;border-right:solid windowtext 1.0pt; padding:0cm 0cm 0cm 0cm'> <p class=MsoNormal align=center style='text-align:center'><span lang=DE>&nbsp;<\/span><\/p> <\/td> <td width=24 style='width:14.2pt;border:none;border-right:solid windowtext 1.0pt; padding:0cm 0cm 0cm 0cm'> <p class=MsoNormal align=center style='text-align:center'><span lang=DE>&nbsp;<\/span><\/p> <\/td> <\/tr> <tr> <td width=945 style='width:20.0cm;border-top:none;border-left:solid windowtext 1.0pt; border-bottom:solid windowtext 1.0pt;border-right:none;padding:0cm 14.2pt 0cm 14.2pt'> <p class=MsoNormal><span lang=DE>&nbsp;<\/span><\/p> <\/td> <td width=59 style='width:35.45pt;border:none;border-bottom:solid windowtext 1.0pt; padding:0cm 0cm 0cm 0cm'> <p class=MsoNormal align=center style='text-align:center'><span lang=DE>&nbsp;<\/span><\/p> <\/td> <td width=59 style='width:35.45pt;border:none;border-bottom:solid windowtext 1.0pt; padding:0cm 0cm 0cm 0cm'> <p class=MsoNormal align=center style='text-align:center'><span lang=DE>&nbsp;<\/span><\/p> <\/td> <td width=24 style='width:14.2pt;border-top:none;border-left:none; border-bottom:solid windowtext 1.0pt;border-right:solid windowtext 1.0pt; padding:0cm 0cm 0cm 0cm'> <p class=MsoNormal align=center style='text-align:center'><span lang=DE>&nbsp;<\/span><\/p> <\/td> <\/tr> <\/table> <\/div> <p class=MsoNormal><i><span lang=DE>&nbsp;<\/span><\/i><\/p> <p class=MsoNormal><span lang=DE style='color:#0070C0'>&nbsp;<\/span><\/p> <p class=MsoNormal style='margin-left:1.0cm'><i><span lang=DE>&nbsp;<\/span><\/i><\/p> <\/td> <\/tr> <\/table> <\/div> <p class=MsoNormal><i>&nbsp;<\/i><\/p> <\/div>\n <!--themify_builder_content-->\n<div id=\"themify_builder_content-426\" data-postid=\"426\" class=\"themify_builder_content themify_builder_content-426 themify_builder tf_clear\">\n    <\/div>\n<!--\/themify_builder_content-->","protected":false},"excerpt":{"rendered":"<p>&nbsp; &nbsp; \u00d6sterreich Die Arbeiter- und kommunistische Bewegung &nbsp; &nbsp; &nbsp; &nbsp; &nbsp; DE &nbsp; FR &nbsp; &nbsp; &nbsp; &#9658; &nbsp; 1934 &nbsp; &nbsp; &nbsp; &nbsp; &nbsp; &nbsp; &nbsp; B\u00e9la Kun : Die Februark\u00e4mpfe in \u00d6sterreich und ihre Lehren &#9658; &nbsp; &nbsp; B\u00e9la Kun : Die Februark\u00e4mpfe in \u00d6sterreich und ihre Lehren &#8211; Karten &#9658; [&hellip;]<\/p>\n","protected":false},"author":3,"featured_media":0,"parent":432,"menu_order":0,"comment_status":"closed","ping_status":"closed","template":"","meta":{"footnotes":""},"class_list":["post-426","page","type-page","status-publish","hentry","has-post-title","has-post-date","has-post-category","has-post-tag","has-post-comment","has-post-author",""],"builder_content":"","_links":{"self":[{"href":"https:\/\/www.rocml.org\/References-ML\/wp-json\/wp\/v2\/pages\/426"}],"collection":[{"href":"https:\/\/www.rocml.org\/References-ML\/wp-json\/wp\/v2\/pages"}],"about":[{"href":"https:\/\/www.rocml.org\/References-ML\/wp-json\/wp\/v2\/types\/page"}],"author":[{"embeddable":true,"href":"https:\/\/www.rocml.org\/References-ML\/wp-json\/wp\/v2\/users\/3"}],"replies":[{"embeddable":true,"href":"https:\/\/www.rocml.org\/References-ML\/wp-json\/wp\/v2\/comments?post=426"}],"version-history":[{"count":0,"href":"https:\/\/www.rocml.org\/References-ML\/wp-json\/wp\/v2\/pages\/426\/revisions"}],"up":[{"embeddable":true,"href":"https:\/\/www.rocml.org\/References-ML\/wp-json\/wp\/v2\/pages\/432"}],"wp:attachment":[{"href":"https:\/\/www.rocml.org\/References-ML\/wp-json\/wp\/v2\/media?parent=426"}],"curies":[{"name":"wp","href":"https:\/\/api.w.org\/{rel}","templated":true}]}}